{"id":1933,"date":"2024-10-06T09:41:17","date_gmt":"2024-10-06T07:41:17","guid":{"rendered":"https:\/\/www.freundeskreis-saynerhuette.de\/?page_id=1933"},"modified":"2025-01-18T21:58:11","modified_gmt":"2025-01-18T20:58:11","slug":"unsere-erfolge","status":"publish","type":"page","link":"https:\/\/www.freundeskreis-saynerhuette.de\/?page_id=1933","title":{"rendered":"Unsere Erfolge"},"content":{"rendered":"<p><\/p><div class=\"fusion-fullwidth fullwidth-box fusion-builder-row-1 fusion-flex-container nonhundred-percent-fullwidth non-hundred-percent-height-scrolling\" style=\"--awb-background-position:left top;--awb-border-sizes-top:0px;--awb-border-sizes-bottom:0px;--awb-border-sizes-left:0px;--awb-border-sizes-right:0px;--awb-border-radius-top-left:0px;--awb-border-radius-top-right:0px;--awb-border-radius-bottom-right:0px;--awb-border-radius-bottom-left:0px;--awb-padding-top:0px;--awb-padding-right:15%;--awb-padding-bottom:50px;--awb-padding-left:15%;--awb-flex-wrap:wrap;\"><div class=\"fusion-builder-row fusion-row fusion-flex-align-items-flex-start fusion-flex-content-wrap\" style=\"max-width:calc( 1280px + 0px );margin-left: calc(-0px \/ 2 );margin-right: calc(-0px \/ 2 );\"><div class=\"fusion-layout-column fusion_builder_column fusion-builder-column-0 fusion_builder_column_1_1 1_1 fusion-flex-column fusion-flex-align-self-flex-start fusion-column-no-min-height\" style=\"--awb-bg-blend:overlay;--awb-bg-size:cover;--awb-width-large:100%;--awb-margin-top-large:0px;--awb-spacing-right-large:0px;--awb-margin-bottom-large:0px;--awb-spacing-left-large:0px;--awb-width-medium:100%;--awb-spacing-right-medium:0px;--awb-spacing-left-medium:0px;--awb-width-small:100%;--awb-spacing-right-small:0px;--awb-spacing-left-small:0px;\"><div class=\"fusion-column-wrapper fusion-flex-justify-content-flex-start fusion-content-layout-column\"><div class=\"fusion-title title fusion-title-1 fusion-title-center fusion-title-text fusion-title-size-two\" style=\"--awb-text-color:var(--awb-color8);--awb-margin-top-small:0px;--awb-margin-right-small:0px;--awb-margin-bottom-small:20px;--awb-margin-left-small:0px;\"><div class=\"title-sep-container title-sep-container-left\"><div class=\"title-sep sep- sep-solid\" style=\"border-color:var(--awb-color3);\"><\/div><\/div><span class=\"awb-title-spacer\"><\/span><h2 class=\"fusion-title-heading title-heading-center fusion-responsive-typography-calculated\" style=\"margin:0;--fontSize:35;line-height:var(--awb-typography1-line-height);\">Unsere Erfolge<\/h2><span class=\"awb-title-spacer\"><\/span><div class=\"title-sep-container title-sep-container-right\"><div class=\"title-sep sep- sep-solid\" style=\"border-color:var(--awb-color3);\"><\/div><\/div><\/div><div class=\"fusion-text fusion-text-1\" style=\"--awb-content-alignment:center;--awb-text-color:var(--awb-color8);\"><p>Mit der Gr\u00fcn\u00addung des Freun\u00addes\u00adkrei\u00adses im Jahre 2003 hat das Nach\u00adden\u00adken \u00fcber die Zukunft der Sayner H\u00fctte einen kr\u00e4f\u00adti\u00adgen Impuls erfah\u00adren. Zahl\u00adrei\u00adche aktive Mitglie\u00adder und F\u00f6rde\u00adrer setz\u00adten sich f\u00fcr eine \u00dcber\u00adnahme der Denk\u00admal\u00adland\u00adschaft durch die \u00f6ffent\u00adli\u00adche Hand ein. 2004 ging die H\u00fctte in das Eigen\u00adtum der Stadt Bendorf \u00fcber. Mit Tatkraft und gro\u00dfem Enga\u00adge\u00adment haben wir seit\u00adher die Planun\u00adgen und Entwick\u00adlun\u00adgen der Sayner H\u00fctte beglei\u00adtet und uns an zahl\u00adrei\u00adchen Projek\u00adten betei\u00adligt.<\/p>\n<\/div><\/div><\/div><\/div><\/div><div class=\"fusion-fullwidth fullwidth-box fusion-builder-row-2 fusion-flex-container hundred-percent-fullwidth non-hundred-percent-height-scrolling\" style=\"--awb-background-position:left top;--awb-border-sizes-top:0px;--awb-border-sizes-bottom:0px;--awb-border-sizes-left:0px;--awb-border-sizes-right:0px;--awb-border-radius-top-left:0px;--awb-border-radius-top-right:0px;--awb-border-radius-bottom-right:0px;--awb-border-radius-bottom-left:0px;--awb-padding-top:0px;--awb-padding-right:0px;--awb-padding-bottom:0px;--awb-padding-left:0px;--awb-flex-wrap:wrap;\"><div class=\"fusion-builder-row fusion-row fusion-flex-align-items-stretch fusion-flex-content-wrap\" style=\"width:calc( 100% + 0px ) !important;max-width:calc( 100% + 0px ) !important;margin-left: calc(-0px \/ 2 );margin-right: calc(-0px \/ 2 );\"><div class=\"fusion-layout-column fusion_builder_column fusion-builder-column-1 fusion_builder_column_1_5 1_5 fusion-flex-column\" style=\"--awb-padding-top:100px;--awb-padding-right:100px;--awb-padding-bottom:100px;--awb-padding-left:100px;--awb-bg-position:center center;--awb-bg-blend:overlay;--awb-bg-size:cover;--awb-width-large:20%;--awb-margin-top-large:0px;--awb-spacing-right-large:0px;--awb-margin-bottom-large:0px;--awb-spacing-left-large:0px;--awb-width-medium:100%;--awb-spacing-right-medium:0px;--awb-spacing-left-medium:0px;--awb-width-small:100%;--awb-spacing-right-small:0px;--awb-spacing-left-small:0px;\"><div class=\"fusion-column-wrapper lazyload fusion-flex-justify-content-center fusion-content-layout-column fusion-empty-column-bg-image fusion-column-has-bg-image\" data-bg-url=\"https:\/\/www.freundeskreis-saynerhuette.de\/wp-content\/uploads\/2025\/01\/Sayner_Huette_Giesshalle_Hochofen_Foto_Florian_Fichtner-2-600x902.jpg\" data-bg=\"https:\/\/www.freundeskreis-saynerhuette.de\/wp-content\/uploads\/2025\/01\/Sayner_Huette_Giesshalle_Hochofen_Foto_Florian_Fichtner-2-600x902.jpg\"><img decoding=\"async\" class=\"fusion-empty-dims-img-placeholder fusion-no-large-visibility\" aria-label=\"Sayner_Huette_Giesshalle_Hochofen_Foto_Florian_Fichtner (2)\" src=\"data:image\/svg+xml,%3Csvg%20xmlns%3D%27http%3A%2F%2Fwww.w3.org%2F2000%2Fsvg%27%20width%3D%27600%27%20height%3D%27902%27%20viewBox%3D%270%200%20600%20902%27%3E%3Crect%20width%3D%27600%27%20height%3D%27902%27%20fill-opacity%3D%220%22%2F%3E%3C%2Fsvg%3E\"><\/div><\/div><div class=\"fusion-layout-column fusion_builder_column fusion-builder-column-2 fusion_builder_column_4_5 4_5 fusion-flex-column\" style=\"--awb-padding-top:15%;--awb-padding-right:15%;--awb-padding-bottom:15%;--awb-padding-left:15%;--awb-bg-color:var(--awb-color2);--awb-bg-color-hover:var(--awb-color2);--awb-bg-size:cover;--awb-width-large:80%;--awb-margin-top-large:0px;--awb-spacing-right-large:0px;--awb-margin-bottom-large:0px;--awb-spacing-left-large:0px;--awb-width-medium:100%;--awb-spacing-right-medium:0px;--awb-spacing-left-medium:0px;--awb-width-small:100%;--awb-spacing-right-small:0px;--awb-spacing-left-small:0px;\"><div class=\"fusion-column-wrapper fusion-flex-justify-content-center fusion-content-layout-column\"><div class=\"fusion-title title fusion-title-2 fusion-title-text fusion-title-size-two\" style=\"--awb-text-color:var(--awb-color8);--awb-margin-top-small:0px;--awb-margin-right-small:0px;--awb-margin-bottom-small:20px;--awb-margin-left-small:0px;\"><div class=\"title-sep-container title-sep-container-left fusion-no-large-visibility fusion-no-medium-visibility fusion-no-small-visibility\"><div class=\"title-sep sep- sep-solid\" style=\"border-color:var(--awb-color3);\"><\/div><\/div><span class=\"awb-title-spacer fusion-no-large-visibility fusion-no-medium-visibility fusion-no-small-visibility\"><\/span><h2 class=\"fusion-title-heading title-heading-left fusion-responsive-typography-calculated\" style=\"margin:0;--fontSize:35;line-height:var(--awb-typography1-line-height);\">Zu den gro\u00dfen finanzwirksamen F\u00f6rderungen des Freundeskreises geh\u00f6ren:<\/h2><span class=\"awb-title-spacer\"><\/span><div class=\"title-sep-container title-sep-container-right\"><div class=\"title-sep sep- sep-solid\" style=\"border-color:var(--awb-color3);\"><\/div><\/div><\/div><ul style=\"--awb-line-height:27.2px;--awb-icon-width:27.2px;--awb-icon-height:27.2px;--awb-icon-margin:11.2px;--awb-content-margin:38.4px;--awb-circlecolor:var(--awb-color4);--awb-circle-yes-font-size:14.08px;\" class=\"fusion-checklist fusion-checklist-1 fusion-checklist-default type-icons\"><li class=\"fusion-li-item\" style><span class=\"icon-wrapper circle-yes\"><i class=\"fusion-li-icon awb-icon-check\" aria-hidden=\"true\"><\/i><\/span><div class=\"fusion-li-item-content\">\n<p>Die Restau\u00adrie\u00adrung der Preu\u00ad\u00dfen-Adler am histo\u00adri\u00adschen Werks\u00adtor (heute zu besich\u00adti\u00adgen im Rhei\u00adni\u00adschen Eisen\u00adkunst\u00adguss-Museum der Stadt Bendorf)<\/p>\n<\/div><\/li><li class=\"fusion-li-item\" style><span class=\"icon-wrapper circle-yes\"><i class=\"fusion-li-icon awb-icon-check\" aria-hidden=\"true\"><\/i><\/span><div class=\"fusion-li-item-content\">\n<p>Die Herstel\u00adlung von Adler-Nach\u00adg\u00fcs\u00adsen und die Herrich\u00adtung der Adler\u00ads\u00e4u\u00adlen am Tor<\/p>\n<\/div><\/li><li class=\"fusion-li-item\" style><span class=\"icon-wrapper circle-yes\"><i class=\"fusion-li-icon awb-icon-check\" aria-hidden=\"true\"><\/i><\/span><div class=\"fusion-li-item-content\">\n<p>Mitwir\u00adkung an der Gestal\u00adtung der Sicht\u00adach\u00adsen auf dem Denk\u00admal\u00adareal<\/p>\n<\/div><\/li><li class=\"fusion-li-item\" style><span class=\"icon-wrapper circle-yes\"><i class=\"fusion-li-icon awb-icon-check\" aria-hidden=\"true\"><\/i><\/span><div class=\"fusion-li-item-content\">\n<p>Beleuch\u00adtungs\u00adele\u00admente an der Gie\u00df\u00adhalle<\/p>\n<\/div><\/li><li class=\"fusion-li-item\" style><span class=\"icon-wrapper circle-yes\"><i class=\"fusion-li-icon awb-icon-check\" aria-hidden=\"true\"><\/i><\/span><div class=\"fusion-li-item-content\">\n<p>Mitfi\u00adnan\u00adzie\u00adrung der Dauer\u00adaus\u00adstel\u00adlung im Besu\u00adcher\u00adzen\u00adtrum und finan\u00adzi\u00adelle Betei\u00adli\u00adgung bei ande\u00adren Veran\u00adstal\u00adtun\u00adgen<\/p>\n<\/div><\/li><li class=\"fusion-li-item\" style><span class=\"icon-wrapper circle-yes\"><i class=\"fusion-li-icon awb-icon-check\" aria-hidden=\"true\"><\/i><\/span><div class=\"fusion-li-item-content\">\n<p>Anschaf\u00adfung von Eisen\u00adkunst\u00adguss\u00adexpo\u00adna\u00adten (z.B. Schin\u00adkel\u00adstuhl, Oval-Ofen)<\/p>\n<\/div><\/li><li class=\"fusion-li-item\" style><span class=\"icon-wrapper circle-yes\"><i class=\"fusion-li-icon awb-icon-check\" aria-hidden=\"true\"><\/i><\/span><div class=\"fusion-li-item-content\">\n<p>Spende der guss\u00adei\u00adser\u00adnen Wege\u00adplat\u00adten auf dem H\u00fctten\u00adge\u00adl\u00e4nde<\/p>\n<\/div><\/li><li class=\"fusion-li-item\" style><span class=\"icon-wrapper circle-yes\"><i class=\"fusion-li-icon awb-icon-check\" aria-hidden=\"true\"><\/i><\/span><div class=\"fusion-li-item-content\">\n<p>Einsatz f\u00fcr die histo\u00adri\u00adsche (wissen\u00adschaft\u00adli\u00adche) Aufar\u00adbei\u00adtung: Finan\u00adzie\u00adrung und Heraus\u00adgabe einer Schrif\u00adten\u00adreihe<\/p>\n<\/div><\/li><\/ul><\/div><\/div><\/div><\/div>\n","protected":false},"excerpt":{"rendered":"","protected":false},"author":1,"featured_media":0,"parent":0,"menu_order":0,"comment_status":"closed","ping_status":"closed","template":"100-width.php","meta":{"wp_typography_post_enhancements_disabled":false,"footnotes":""},"class_list":["post-1933","page","type-page","status-publish","hentry"],"_links":{"self":[{"href":"https:\/\/www.freundeskreis-saynerhuette.de\/index.php?rest_route=\/wp\/v2\/pages\/1933","targetHints":{"allow":["GET"]}}],"collection":[{"href":"https:\/\/www.freundeskreis-saynerhuette.de\/index.php?rest_route=\/wp\/v2\/pages"}],"about":[{"href":"https:\/\/www.freundeskreis-saynerhuette.de\/index.php?rest_route=\/wp\/v2\/types\/page"}],"author":[{"embeddable":true,"href":"https:\/\/www.freundeskreis-saynerhuette.de\/index.php?rest_route=\/wp\/v2\/users\/1"}],"replies":[{"embeddable":true,"href":"https:\/\/www.freundeskreis-saynerhuette.de\/index.php?rest_route=%2Fwp%2Fv2%2Fcomments&post=1933"}],"version-history":[{"count":4,"href":"https:\/\/www.freundeskreis-saynerhuette.de\/index.php?rest_route=\/wp\/v2\/pages\/1933\/revisions"}],"predecessor-version":[{"id":2170,"href":"https:\/\/www.freundeskreis-saynerhuette.de\/index.php?rest_route=\/wp\/v2\/pages\/1933\/revisions\/2170"}],"wp:attachment":[{"href":"https:\/\/www.freundeskreis-saynerhuette.de\/index.php?rest_route=%2Fwp%2Fv2%2Fmedia&parent=1933"}],"curies":[{"name":"wp","href":"https:\/\/api.w.org\/{rel}","templated":true}]}}