{"id":1823,"date":"2024-09-29T18:30:33","date_gmt":"2024-09-29T18:30:33","guid":{"rendered":"https:\/\/www.freundeskreis-saynerhuette.de\/?page_id=1823"},"modified":"2025-01-18T20:24:46","modified_gmt":"2025-01-18T19:24:46","slug":"impressum","status":"publish","type":"page","link":"https:\/\/www.freundeskreis-saynerhuette.de\/?page_id=1823","title":{"rendered":"Impressum"},"content":{"rendered":"<p style=\"text-align: center;\"><strong>IMPRESSUM<\/strong><\/p>\n<p style=\"text-align: center;\">Heraus\u00adge\u00adber:\u2028Freun\u00addes\u00adkreis Sayner H\u00fctte e.V.<br>\nPost\u00adfach 1212 \u00b7 D\u201156170 Bendorf<br>\ninfo@freundeskreis-saynerhuette.de<br>\nVereins\u00adre\u00adgis\u00adter Koblenz Nr. 5a VR 4708<br>\nSpen\u00adden\u00adkonto (IBAN):\u2028DE 8957 0501 2000 2300 7370<br>\nSpar\u00adkasse Koblenz (BIC): MALADE51KOB<br>\nCopy\u00adright f\u00fcr Struk\u00adtur, Texte und Design:<br>\nFreun\u00addes\u00adkreis Sayner H\u00fctte e.V.\u2028\u2028Fotos: Thomas Naethe, Chris\u00adtian Nent\u00adwitg, Timo Rieder, Klaus Breit\u00adkreutz,<br>\nFlorian Ficht\u00adner, Bene\u00addikt Roth\u00adke\u00adgel, M. L. M. Engel, Bj\u00f6rn Rodday,\u2028Freun\u00addes\u00adkreis Sayner H\u00fctte, Stadt\u00adver\u00adwal\u00adtung Bendorf<br>\nBaube\u00adstand\u00adzeich\u00adnun\u00adgen:<br>\nPlan\u00adsamm\u00adlung, Deut\u00adsches Museum, M\u00fcnchen<br>\nGrafik und Webde\u00adsign: webmaster@freundeskreis-saynerhuette.de<br>\nVerant\u00adwort\u00adlich f\u00fcr den Inhalt gem\u00e4\u00df \u00a7 6 MDStV:<br>\nFreun\u00addes\u00adkreis Sayner H\u00fctte e.V.<\/p>\n<p><strong>Haftungs\u00adaus\u00adschluss\u20281. Inhalt des Online\u00adan\u00adge\u00adbo\u00adtes<\/strong><br>\nWir \u00fcber\u00adneh\u00admen keiner\u00adlei Gew\u00e4hr f\u00fcr die Aktua\u00adli\u00adt\u00e4t, Korrekt\u00adheit, Voll\u00adst\u00e4n\u00addig\u00adkeit oder Quali\u00adt\u00e4t der bereit\u00adge\u00adstell\u00adten Infor\u00adma\u00adtio\u00adnen. Haftungs\u00adan\u00adspr\u00fc\u00adche gegen den Verant\u00adwort\u00adli\u00adchen wegen Sch\u00e4\u00adden jegli\u00adcher Art, die durch die Nutzung der darge\u00adbo\u00adte\u00adnen Infor\u00adma\u00adtio\u00adnen verur\u00adsacht wurden, sind grund\u00ads\u00e4tz\u00adlich ausge\u00adschlos\u00adsen, sofern uns kein nach\u00adweis\u00adlich vors\u00e4tz\u00adli\u00adches oder grob fahr\u00adl\u00e4s\u00adsi\u00adges Verschul\u00adden trifft.\u2028\u2028Wir behal\u00adten uns ausdr\u00fcck\u00adlich vor, Teile der Seiten oder die gesamte Home\u00adpage ohne geson\u00adderte Ank\u00fcn\u00addi\u00adgung zu ver\u00e4n\u00addern, zu erg\u00e4n\u00adzen, zu l\u00f6schen oder die Ver\u00f6f\u00adfent\u00adli\u00adchung zeit\u00adweise oder endg\u00fcl\u00adtig einzu\u00adstel\u00adlen.\u2028\u20282. Verweise und Links\u2028Wir \u00fcber\u00adneh\u00admen in keiner Weise die Verant\u00adwor\u00adtung f\u00fcr externe Inter\u00adnet\u00adsei\u00adten, auch wenn und soweit von den eige\u00adnen Seiten auf externe Seiten verwie\u00adsen wird.\u2028\u20283. Urhe\u00adber- und Kenn\u00adzei\u00adchen\u00adrecht\u2028Wir haben uns darum bem\u00fcht, bei der Erstel\u00adlung dieser Web-Seite keine Urhe\u00adber\u00adrechte Drit\u00adter zu verlet\u00adzen. Trotz aller Sorg\u00adfalt kann auch uns ein Fehler unter\u00adlau\u00adfen. Soll\u00adten Sie sich in einem&nbsp; Ihnen zuste\u00adhen\u00adden Recht verletzt sehen, setzen Sie sich bitte mit uns in Verbin\u00addung. Wir werden f\u00fcr eine schnelle Kl\u00e4rung sorgen.\u2028Das Copy\u00adright f\u00fcr diese Web-Seiten liegt ausschlie\u00df\u00adlich bei uns. Eine Verviel\u00adf\u00e4l\u00adti\u00adgung oder Verwen\u00addung von Texten dieser Web-Seiten in ande\u00adren elek\u00adtro\u00adni\u00adschen oder gedruck\u00adten Medien ist unter Angabe der Quelle gestat\u00adtet.\u2028\u20284. Daten\u00adschutz\u2028Sofern Sie per E\u2011Mail Kontakt mit uns aufneh\u00admen,&nbsp; so erfolgt die Preis\u00adgabe dieser Daten (E\u2011Mail aAdres\u00adsen, Namen, Anschrif\u00adten) durch Sie auf ausdr\u00fcck\u00adlich frei\u00adwil\u00adli\u00adger Basis.\u2028\u20285. Rechts\u00adwirk\u00adsam\u00adkeit dieses Haftungs\u00adaus\u00adschlus\u00adses\u2028Sofern Teile oder einzelne Formu\u00adlie\u00adrun\u00adgen dieses Textes der gelten\u00adden Rechts\u00adlage nicht, nicht mehr oder nicht voll\u00adst\u00e4n\u00addig entspre\u00adchen soll\u00adten, blei\u00adben die \u00fcbri\u00adgen Teile wirk\u00adsam.<\/p>\n","protected":false},"excerpt":{"rendered":"<p>IMPRESSUM Heraus\u00adge\u00adber:\u2028Freun\u00addes\u00adkreis Sayner H\u00fctte e.V. Post\u00adfach 1212 \u00b7 D\u201156170 Bendorf info@freundeskreis-saynerhuette.de Vereins\u00adre\u00adgis\u00adter Koblenz Nr. 5a VR 4708 Spen\u00adden\u00adkonto (IBAN):\u2028DE 8957 0501 2000<\/p>\n","protected":false},"author":1,"featured_media":0,"parent":0,"menu_order":0,"comment_status":"closed","ping_status":"closed","template":"","meta":{"wp_typography_post_enhancements_disabled":false,"footnotes":""},"class_list":["post-1823","page","type-page","status-publish","hentry"],"_links":{"self":[{"href":"https:\/\/www.freundeskreis-saynerhuette.de\/index.php?rest_route=\/wp\/v2\/pages\/1823","targetHints":{"allow":["GET"]}}],"collection":[{"href":"https:\/\/www.freundeskreis-saynerhuette.de\/index.php?rest_route=\/wp\/v2\/pages"}],"about":[{"href":"https:\/\/www.freundeskreis-saynerhuette.de\/index.php?rest_route=\/wp\/v2\/types\/page"}],"author":[{"embeddable":true,"href":"https:\/\/www.freundeskreis-saynerhuette.de\/index.php?rest_route=\/wp\/v2\/users\/1"}],"replies":[{"embeddable":true,"href":"https:\/\/www.freundeskreis-saynerhuette.de\/index.php?rest_route=%2Fwp%2Fv2%2Fcomments&post=1823"}],"version-history":[{"count":2,"href":"https:\/\/www.freundeskreis-saynerhuette.de\/index.php?rest_route=\/wp\/v2\/pages\/1823\/revisions"}],"predecessor-version":[{"id":2160,"href":"https:\/\/www.freundeskreis-saynerhuette.de\/index.php?rest_route=\/wp\/v2\/pages\/1823\/revisions\/2160"}],"wp:attachment":[{"href":"https:\/\/www.freundeskreis-saynerhuette.de\/index.php?rest_route=%2Fwp%2Fv2%2Fmedia&parent=1823"}],"curies":[{"name":"wp","href":"https:\/\/api.w.org\/{rel}","templated":true}]}}