{"id":1024,"date":"2015-09-24T18:39:13","date_gmt":"2015-09-24T18:39:13","guid":{"rendered":"https:\/\/avadawebsites.wpengine.com\/church\/?page_id=1024"},"modified":"2025-08-31T16:15:20","modified_gmt":"2025-08-31T14:15:20","slug":"prayers","status":"publish","type":"page","link":"https:\/\/www.freundeskreis-saynerhuette.de\/?page_id=1024","title":{"rendered":"Veranstaltungen"},"content":{"rendered":"<div class=\"fusion-fullwidth fullwidth-box fusion-builder-row-1 fusion-flex-container hundred-percent-fullwidth non-hundred-percent-height-scrolling\" style=\"--awb-border-radius-top-left:0px;--awb-border-radius-top-right:0px;--awb-border-radius-bottom-right:0px;--awb-border-radius-bottom-left:0px;--awb-overflow:visible;--awb-margin-top:10px;--awb-margin-bottom:10px;--awb-flex-wrap:wrap;\"><div class=\"fusion-builder-row fusion-row fusion-flex-align-items-flex-start fusion-flex-content-wrap\" style=\"width:calc( 100% + 0px ) !important;max-width:calc( 100% + 0px ) !important;margin-left: calc(-0px \/ 2 );margin-right: calc(-0px \/ 2 );\"><div class=\"fusion-layout-column fusion_builder_column fusion-builder-column-0 fusion_builder_column_1_1 1_1 fusion-flex-column fusion-flex-align-self-center fusion-column-no-min-height\" style=\"--awb-bg-blend:overlay;--awb-bg-size:cover;--awb-width-large:100%;--awb-margin-top-large:0px;--awb-spacing-right-large:0px;--awb-margin-bottom-large:0px;--awb-spacing-left-large:0px;--awb-width-medium:100%;--awb-order-medium:0;--awb-spacing-right-medium:0px;--awb-spacing-left-medium:0px;--awb-width-small:100%;--awb-order-small:0;--awb-spacing-right-small:0px;--awb-spacing-left-small:0px;\" data-scroll-devices=\"small-visibility,medium-visibility,large-visibility\"><div class=\"fusion-column-wrapper fusion-column-has-shadow fusion-flex-justify-content-center fusion-content-layout-row\"><div class=\"fusion-separator fusion-full-width-sep\" style=\"align-self: center;margin-left: auto;margin-right: auto;width:100%;\"><\/div><div class=\"fusion-events-shortcode fusion-events-shortcode-1 fusion-events-layout-center\"><div class=\"fusion-events-wrapper\" data-pages=\"1\"><div class=\"fusion-events-post fusion-spacing-yes fusion-full-one fusion-layout-column fusion-column-last\" style=\"margin-bottom:4%;\"><div class=\"fusion-column-wrapper\"><div class=\"fusion-events-thumbnail hover-type-zoomin\"><a href=\"https:\/\/www.freundeskreis-saynerhuette.de\/?tribe_events=huettenfest\" class=\"url\" rel=\"bookmark\" aria-label=\"H\u00fcttenfest \u2014 Tag des offenen Denkmals\"><span class=\"tribe-events-event-image\" style=\"background-image: url(https:\/\/www.freundeskreis-saynerhuette.de\/wp-content\/uploads\/2025\/01\/schaugiessen.jpg); -webkit-background-size: cover; background-size: cover; background-position: center center;\"><\/span><\/a><\/div><div class=\"fusion-events-content-wrapper\" style=\"padding:20px 20px 20px 20px;\"><div class=\"fusion-events-meta\"><h2><a href=\"https:\/\/www.freundeskreis-saynerhuette.de\/?tribe_events=huettenfest\" class=\"url\" rel=\"bookmark\">H\u00fcttenfest \u2014 Tag des offenen Denkmals<\/a><\/h2><h4><span class=\"tribe-event-date-start\">13 September \/10:00<\/span> \u2014 <span class=\"tribe-event-time\">17:00<\/span><\/h4><\/div><div class=\"fusion-events-content\"><p>Der Freun\u00addes\u00adkreis Sayner H\u00fctte l\u00e4dt Sie anl\u00e4ss\u00adlich des dies\u00adj\u00e4h\u00adri\u00adgen Tags des offe\u00adnen Denk\u00admals herz\u00adlich zu unse\u00adrem H\u00fctten\u00adfest in der Sayner<\/p><\/div><\/div><\/div><\/div><div class=\"fusion-clearfix\"><\/div><div class=\"fusion-clearfix\"><\/div><\/div><\/div><div class=\"fusion-separator fusion-full-width-sep\" style=\"align-self: center;margin-left: auto;margin-right: auto;width:100%;\"><\/div><\/div><\/div><\/div><\/div>\n","protected":false},"excerpt":{"rendered":"","protected":false},"author":1,"featured_media":0,"parent":0,"menu_order":0,"comment_status":"closed","ping_status":"closed","template":"","meta":{"wp_typography_post_enhancements_disabled":false,"footnotes":""},"class_list":["post-1024","page","type-page","status-publish","hentry"],"_links":{"self":[{"href":"https:\/\/www.freundeskreis-saynerhuette.de\/index.php?rest_route=\/wp\/v2\/pages\/1024","targetHints":{"allow":["GET"]}}],"collection":[{"href":"https:\/\/www.freundeskreis-saynerhuette.de\/index.php?rest_route=\/wp\/v2\/pages"}],"about":[{"href":"https:\/\/www.freundeskreis-saynerhuette.de\/index.php?rest_route=\/wp\/v2\/types\/page"}],"author":[{"embeddable":true,"href":"https:\/\/www.freundeskreis-saynerhuette.de\/index.php?rest_route=\/wp\/v2\/users\/1"}],"replies":[{"embeddable":true,"href":"https:\/\/www.freundeskreis-saynerhuette.de\/index.php?rest_route=%2Fwp%2Fv2%2Fcomments&post=1024"}],"version-history":[{"count":11,"href":"https:\/\/www.freundeskreis-saynerhuette.de\/index.php?rest_route=\/wp\/v2\/pages\/1024\/revisions"}],"predecessor-version":[{"id":2325,"href":"https:\/\/www.freundeskreis-saynerhuette.de\/index.php?rest_route=\/wp\/v2\/pages\/1024\/revisions\/2325"}],"wp:attachment":[{"href":"https:\/\/www.freundeskreis-saynerhuette.de\/index.php?rest_route=%2Fwp%2Fv2%2Fmedia&parent=1024"}],"curies":[{"name":"wp","href":"https:\/\/api.w.org\/{rel}","templated":true}]}}